{"id":12,"date":"2019-10-29T13:02:23","date_gmt":"2019-10-29T12:02:23","guid":{"rendered":"https:\/\/privathaftpflicht-vergleich.net\/?page_id=12"},"modified":"2021-01-07T11:39:17","modified_gmt":"2021-01-07T10:39:17","slug":"startseite","status":"publish","type":"page","link":"https:\/\/deutsche-beamtenversicherungen.de\/alt\/","title":{"rendered":"Startseite"},"content":{"rendered":"<h1><strong>Besser unabh\u00e4ngig Beraten!<\/strong><\/h1>\n<h3>Ihre erste unabh\u00e4ngige Beratungsstelle f\u00fcr Beamte und den \u00f6ffentlichen Dienst rund um die Themen:<\/h3>\n<ul>\n<li><span>PKV f\u00fcr Beamte, Anw\u00e4rter, Lehrer und Referendare<\/span><\/li>\n<li><span>Die richtige Absicherung bei Dienstunf\u00e4higkeit<\/span><\/li>\n<li><span>Haftpflichtrisiken im beruflichen Alltag<\/span><\/li>\n<li><span><span>Beihilfe &amp; freie Heilf\u00fchrsorge etc.<\/span><\/span><\/li>\n<\/ul>\n<h3 style=\"text-align: center;\">Unser Beratungskonzept f\u00fcr Beamte<\/h3>\n<p style=\"text-align: center;\">Relevante L\u00f6sungen und perfekt abgestimmte Angebote sind die zwei wichtigsten Dinge, die wir Ihnen als Beamten bieten k\u00f6nnen. Sie sind schon in vielf\u00e4ltiger Weise gesetzlich abgesichert, und Ihr Beamtenstatus spielt dabei die entscheidende Rolle. Unser Beratungskonzept f\u00fcr Beamte bietet Ihnen wichtige und richtige Informationen rund um die Ausbildung und den Beruf. Als Beamter auf Widerruf oder Probe sowie als Beamter auf Lebenszeit k\u00f6nnen Sie sich bei uns umfassend und kompetent \u00fcber Ihre jeweils notwendige pers\u00f6nliche Absicherung informieren.<\/p>\n<p style=\"text-align: center;\">Top Themen f\u00fcr Beamte und Anw\u00e4rter<\/p>\n<h2 style=\"text-align: center;\">Krankenversicherung f\u00fcr Beamte<\/h2>\n<p><span style=\"width: 100%;\"><img loading=\"lazy\" decoding=\"async\" alt=\"Krankenversicherung f\u00fcr Beamte Vergleich\" width=\"500\" height=\"500\" title=\"Krankenversicherung f\u00fcr Beamte Vergleich\" data-id=\"109\" src=\"https:\/\/privathaftpflicht-vergleich.net\/wp-content\/uploads\/2019\/11\/private_krankenversicherung_f\u00fcr_beamte_vergleich_500x500_red.jpg\" style=\"\"><\/span><\/p>\n<p>Der Gesetzgeber hat die Beamten von der Sozialversicherungspflicht befreit. Nichts desto trotz: Ohne Krankenversicherung geht es auch bei den Beamten nicht. Diese m\u00fcssen eine Versicherung zur Absicherung der Krankheitskosten nachweisen. Dabei haben Beamte die Wahl zwischen gesetzlicher (GKV) &#8230;<\/p>\n<h2 style=\"text-align: center;\">Krankenversicherung f\u00fcr Referendare<\/h2>\n<p><span style=\"width: 100%;\"><img loading=\"lazy\" decoding=\"async\" alt=\"Krankenversicherung f\u00fcr Referendare\" width=\"500\" height=\"500\" title=\"Krankenversicherung f\u00fcr Referendare\" data-id=\"108\" src=\"https:\/\/privathaftpflicht-vergleich.net\/wp-content\/uploads\/2019\/11\/private_krankenversicherung_f\u00fcr_referendare_500x500_red.jpg\" style=\"\"><\/span><\/p>\n<p>Referendare mit dem Status eines Beamtenanw\u00e4rters steht die PKV offen. Und das auch mit einem Einkommen unterhalb der Versicherungspflichtgrenze. Doch das ist l\u00e4ngst nicht alles: Die privaten Krankenkassen locken mit speziellen Auszubildenden-Tarifen \u2013 gelegentlich PKV f\u00fcr Anw\u00e4rter genannt. Lehrer im Referendariat profitieren so von der guten &#8230;<\/p>\n<h2 style=\"text-align: center;\">Krankenversicherung f\u00fcr Lehrer<\/h2>\n<p><span style=\"width: 100%;\"><img loading=\"lazy\" decoding=\"async\" alt=\"Krankenversicherung f\u00fcr Lehrer\" width=\"500\" height=\"500\" title=\"Krankenversicherung f\u00fcr Lehrer\" data-id=\"107\" src=\"https:\/\/privathaftpflicht-vergleich.net\/wp-content\/uploads\/2019\/11\/private_krankenversicherung_f\u00fcr_lehrer_500x500_red.jpg\" style=\"\"><\/span><\/p>\n<p>Lehrer und Lehramts-Anw\u00e4rtern wird oft der Beamtenstatus gew\u00e4hrt. Diese gehen damit nicht nur ihrem Dienstherren gegen\u00fcber eine Verpflichtung ein. Sie kommen auch in den Vorzug der Alimentationspflicht und erhalten in der Sozialversicherung eine Sonderstellung. VerbeamtetenLehrern steht so die privaten Krankenversicherung grunds\u00e4tzlich offen.<\/p>\n<h2 style=\"text-align: center;\">Krankenversicherung f\u00fcr Beamtenanw\u00e4rter<\/h2>\n<p><span style=\"width: 100%;\"><img loading=\"lazy\" decoding=\"async\" alt=\"Krankenversicherung f\u00fcr Beamtenanw\u00e4rter\" width=\"500\" height=\"500\" title=\"Krankenversicherung f\u00fcr Beamtenanw\u00e4rter\" data-id=\"110\" src=\"https:\/\/privathaftpflicht-vergleich.net\/wp-content\/uploads\/2019\/11\/private_krankenversicherung_f\u00fcr_beamtenanw\u00e4rter_500x500_red.jpg\" style=\"\"><\/span><\/p>\n<p>Beamtenanw\u00e4rter haben grunds\u00e4tzlich die Wahlfreiheit bei der Krankenversicherung. Durch spezielle Anw\u00e4rtertarife ist die PKV in der Regel die beste Wahl: Das Leistungsspektrum entspricht bei niedrigen Versicherungspr\u00e4mien \u00fcblicherweise den PKV Volltarifen. Dank Beihilfe und Verzicht auf R\u00fcckstellung w\u00e4hrend der Anwartschaft sind die Tarife f\u00fcr den &#8230;<\/p>\n<h2 style=\"text-align: center;\">Dienstunf\u00e4higkeitsversicherung<\/h2>\n<p><span style=\"width: 100%;\"><img loading=\"lazy\" decoding=\"async\" alt=\"Dienstunf\u00e4higkeitsversicherung Vergleich\" width=\"500\" height=\"500\" title=\"Dienstunf\u00e4higkeitsversicherung Vergleich\" data-id=\"111\" src=\"https:\/\/privathaftpflicht-vergleich.net\/wp-content\/uploads\/2019\/11\/dienstunf\u00e4higkeitsversicherung_vergleich_500x500_red.jpg\" style=\"\"><\/span><\/p>\n<p>Die Dienstunf\u00e4higkeitsversicherung (DU-Versicherung) greift, wenn ein Beamter aufgrund gesundheitlicher Einschr\u00e4nkungen in den Ruhestand versetzt wird. Verliert ein Beamter seine Arbeitskraft infolge k\u00f6rperlicher oder geistiger Sch\u00e4den ist das schlimm genug, die finanziellen Folgen lassen sich durch eine Dienstunf\u00e4higkeitsversicherung auffangen.&nbsp;<\/p>\n","protected":false},"excerpt":{"rendered":"<p>Besser unabh\u00e4ngig Beraten! Ihre erste unabh\u00e4ngige Beratungsstelle f\u00fcr Beamte und den \u00f6ffentlichen Dienst rund um die Themen: PKV f\u00fcr Beamte, Anw\u00e4rter, Lehrer und Referendare Die richtige Absicherung bei Dienstunf\u00e4higkeit Haftpflichtrisiken im beruflichen Alltag Beihilfe &amp; freie Heilf\u00fchrsorge etc. Unser Beratungskonzept f\u00fcr Beamte Relevante L\u00f6sungen und perfekt abgestimmte Angebote sind die zwei wichtigsten Dinge, die wir [&hellip;]<\/p>\n","protected":false},"author":1,"featured_media":0,"parent":0,"menu_order":0,"comment_status":"closed","ping_status":"closed","template":"","meta":{"site-sidebar-layout":"default","site-content-layout":"default","ast-site-content-layout":"default","site-content-style":"default","site-sidebar-style":"default","ast-global-header-display":"","ast-banner-title-visibility":"","ast-main-header-display":"","ast-hfb-above-header-display":"","ast-hfb-below-header-display":"","ast-hfb-mobile-header-display":"","site-post-title":"disabled","ast-breadcrumbs-content":"","ast-featured-img":"disabled","footer-sml-layout":"","ast-disable-related-posts":"","theme-transparent-header-meta":"default","adv-header-id-meta":"","stick-header-meta":"default","header-above-stick-meta":"","header-main-stick-meta":"","header-below-stick-meta":"","astra-migrate-meta-layouts":"default","ast-page-background-enabled":"default","ast-page-background-meta":{"desktop":{"background-color":"","background-image":"","background-repeat":"repeat","background-position":"center center","background-size":"auto","background-attachment":"scroll","background-type":"","background-media":"","overlay-type":"","overlay-color":"","overlay-opacity":"","overlay-gradient":""},"tablet":{"background-color":"","background-image":"","background-repeat":"repeat","background-position":"center center","background-size":"auto","background-attachment":"scroll","background-type":"","background-media":"","overlay-type":"","overlay-color":"","overlay-opacity":"","overlay-gradient":""},"mobile":{"background-color":"","background-image":"","background-repeat":"repeat","background-position":"center center","background-size":"auto","background-attachment":"scroll","background-type":"","background-media":"","overlay-type":"","overlay-color":"","overlay-opacity":"","overlay-gradient":""}},"ast-content-background-meta":{"desktop":{"background-color":"var(--ast-global-color-5)","background-image":"","background-repeat":"repeat","background-position":"center center","background-size":"auto","background-attachment":"scroll","background-type":"","background-media":"","overlay-type":"","overlay-color":"","overlay-opacity":"","overlay-gradient":""},"tablet":{"background-color":"var(--ast-global-color-5)","background-image":"","background-repeat":"repeat","background-position":"center center","background-size":"auto","background-attachment":"scroll","background-type":"","background-media":"","overlay-type":"","overlay-color":"","overlay-opacity":"","overlay-gradient":""},"mobile":{"background-color":"var(--ast-global-color-5)","background-image":"","background-repeat":"repeat","background-position":"center center","background-size":"auto","background-attachment":"scroll","background-type":"","background-media":"","overlay-type":"","overlay-color":"","overlay-opacity":"","overlay-gradient":""}},"footnotes":""},"class_list":["post-12","page","type-page","status-publish","hentry"],"yoast_head":"<!-- This site is optimized with the Yoast SEO plugin v27.0 - https:\/\/yoast.com\/product\/yoast-seo-wordpress\/ -->\n<title>\u25b7 Deutsche BeamtenVersicherungen - Testsieger Vergleich 2020<\/title>\n<meta name=\"description\" content=\"F\u00fcr Beamte und Arbeitnehmer im \u00f6ffentlichen Dienst bieteten wir \u00fcber Deutsche Beamtenversicherungen immer die besten und aktuellsten Angebote und Testsieger\" \/>\n<meta name=\"robots\" content=\"index, follow, max-snippet:-1, max-image-preview:large, max-video-preview:-1\" \/>\n<link rel=\"canonical\" href=\"https:\/\/deutsche-beamtenversicherungen.de\/alt\/\" \/>\n<meta property=\"og:locale\" content=\"de_DE\" \/>\n<meta property=\"og:type\" content=\"article\" \/>\n<meta property=\"og:title\" content=\"\u25b7 Deutsche BeamtenVersicherungen - Testsieger Vergleich 2020\" \/>\n<meta property=\"og:description\" content=\"F\u00fcr Beamte und Arbeitnehmer im \u00f6ffentlichen Dienst bieteten wir \u00fcber Deutsche Beamtenversicherungen immer die besten und aktuellsten Angebote und Testsieger\" \/>\n<meta property=\"og:url\" content=\"https:\/\/deutsche-beamtenversicherungen.de\/alt\/\" \/>\n<meta property=\"og:site_name\" content=\"\u25b7 Deutsche BeamtenVersicherungen\" \/>\n<meta property=\"article:modified_time\" content=\"2021-01-07T10:39:17+00:00\" \/>\n<meta name=\"twitter:card\" content=\"summary_large_image\" \/>\n<meta name=\"twitter:label1\" content=\"Gesch\u00e4tzte Lesezeit\" \/>\n\t<meta name=\"twitter:data1\" content=\"2\u00a0Minuten\" \/>\n<script type=\"application\/ld+json\" class=\"yoast-schema-graph\">{\"@context\":\"https:\/\/schema.org\",\"@graph\":[{\"@type\":\"WebPage\",\"@id\":\"https:\/\/deutsche-beamtenversicherungen.de\/alt\/\",\"url\":\"https:\/\/deutsche-beamtenversicherungen.de\/alt\/\",\"name\":\"\u25b7 Deutsche BeamtenVersicherungen - Testsieger Vergleich 2020\",\"isPartOf\":{\"@id\":\"https:\/\/deutsche-beamtenversicherungen.de\/alt\/#website\"},\"datePublished\":\"2019-10-29T12:02:23+00:00\",\"dateModified\":\"2021-01-07T10:39:17+00:00\",\"description\":\"F\u00fcr Beamte und Arbeitnehmer im \u00f6ffentlichen Dienst bieteten wir \u00fcber Deutsche Beamtenversicherungen immer die besten und aktuellsten Angebote und Testsieger\",\"breadcrumb\":{\"@id\":\"https:\/\/deutsche-beamtenversicherungen.de\/alt\/#breadcrumb\"},\"inLanguage\":\"de\",\"potentialAction\":[{\"@type\":\"ReadAction\",\"target\":[\"https:\/\/deutsche-beamtenversicherungen.de\/alt\/\"]}]},{\"@type\":\"BreadcrumbList\",\"@id\":\"https:\/\/deutsche-beamtenversicherungen.de\/alt\/#breadcrumb\",\"itemListElement\":[{\"@type\":\"ListItem\",\"position\":1,\"name\":\"Startseite\",\"item\":\"https:\/\/deutsche-beamtenversicherungen.de\/alt\/\"},{\"@type\":\"ListItem\",\"position\":2,\"name\":\"Startseite\"}]},{\"@type\":\"WebSite\",\"@id\":\"https:\/\/deutsche-beamtenversicherungen.de\/alt\/#website\",\"url\":\"https:\/\/deutsche-beamtenversicherungen.de\/alt\/\",\"name\":\"\u25b7 Deutsche BeamtenVersicherungen\",\"description\":\"\u2713 Grosser Tarifvergleich alle wichtigen Beamtenversicherungen direkt online anfordern!\",\"publisher\":{\"@id\":\"https:\/\/deutsche-beamtenversicherungen.de\/alt\/#organization\"},\"potentialAction\":[{\"@type\":\"SearchAction\",\"target\":{\"@type\":\"EntryPoint\",\"urlTemplate\":\"https:\/\/deutsche-beamtenversicherungen.de\/alt\/?s={search_term_string}\"},\"query-input\":{\"@type\":\"PropertyValueSpecification\",\"valueRequired\":true,\"valueName\":\"search_term_string\"}}],\"inLanguage\":\"de\"},{\"@type\":\"Organization\",\"@id\":\"https:\/\/deutsche-beamtenversicherungen.de\/alt\/#organization\",\"name\":\"\u25b7 Deutsche BeamtenVersicherungen\",\"url\":\"https:\/\/deutsche-beamtenversicherungen.de\/alt\/\",\"logo\":{\"@type\":\"ImageObject\",\"inLanguage\":\"de\",\"@id\":\"https:\/\/deutsche-beamtenversicherungen.de\/alt\/#\/schema\/logo\/image\/\",\"url\":\"https:\/\/deutsche-beamtenversicherungen.de\/alt\/wp-content\/uploads\/2019\/10\/deutsche-beamtenversicherungen-logo-350.jpg\",\"contentUrl\":\"https:\/\/deutsche-beamtenversicherungen.de\/alt\/wp-content\/uploads\/2019\/10\/deutsche-beamtenversicherungen-logo-350.jpg\",\"width\":350,\"height\":41,\"caption\":\"\u25b7 Deutsche BeamtenVersicherungen \"},\"image\":{\"@id\":\"https:\/\/deutsche-beamtenversicherungen.de\/alt\/#\/schema\/logo\/image\/\"}}]}<\/script>\n<!-- \/ Yoast SEO plugin. -->","yoast_head_json":{"title":"\u25b7 Deutsche BeamtenVersicherungen - Testsieger Vergleich 2020","description":"F\u00fcr Beamte und Arbeitnehmer im \u00f6ffentlichen Dienst bieteten wir \u00fcber Deutsche Beamtenversicherungen immer die besten und aktuellsten Angebote und Testsieger","robots":{"index":"index","follow":"follow","max-snippet":"max-snippet:-1","max-image-preview":"max-image-preview:large","max-video-preview":"max-video-preview:-1"},"canonical":"https:\/\/deutsche-beamtenversicherungen.de\/alt\/","og_locale":"de_DE","og_type":"article","og_title":"\u25b7 Deutsche BeamtenVersicherungen - Testsieger Vergleich 2020","og_description":"F\u00fcr Beamte und Arbeitnehmer im \u00f6ffentlichen Dienst bieteten wir \u00fcber Deutsche Beamtenversicherungen immer die besten und aktuellsten Angebote und Testsieger","og_url":"https:\/\/deutsche-beamtenversicherungen.de\/alt\/","og_site_name":"\u25b7 Deutsche BeamtenVersicherungen","article_modified_time":"2021-01-07T10:39:17+00:00","twitter_card":"summary_large_image","twitter_misc":{"Gesch\u00e4tzte Lesezeit":"2\u00a0Minuten"},"schema":{"@context":"https:\/\/schema.org","@graph":[{"@type":"WebPage","@id":"https:\/\/deutsche-beamtenversicherungen.de\/alt\/","url":"https:\/\/deutsche-beamtenversicherungen.de\/alt\/","name":"\u25b7 Deutsche BeamtenVersicherungen - Testsieger Vergleich 2020","isPartOf":{"@id":"https:\/\/deutsche-beamtenversicherungen.de\/alt\/#website"},"datePublished":"2019-10-29T12:02:23+00:00","dateModified":"2021-01-07T10:39:17+00:00","description":"F\u00fcr Beamte und Arbeitnehmer im \u00f6ffentlichen Dienst bieteten wir \u00fcber Deutsche Beamtenversicherungen immer die besten und aktuellsten Angebote und Testsieger","breadcrumb":{"@id":"https:\/\/deutsche-beamtenversicherungen.de\/alt\/#breadcrumb"},"inLanguage":"de","potentialAction":[{"@type":"ReadAction","target":["https:\/\/deutsche-beamtenversicherungen.de\/alt\/"]}]},{"@type":"BreadcrumbList","@id":"https:\/\/deutsche-beamtenversicherungen.de\/alt\/#breadcrumb","itemListElement":[{"@type":"ListItem","position":1,"name":"Startseite","item":"https:\/\/deutsche-beamtenversicherungen.de\/alt\/"},{"@type":"ListItem","position":2,"name":"Startseite"}]},{"@type":"WebSite","@id":"https:\/\/deutsche-beamtenversicherungen.de\/alt\/#website","url":"https:\/\/deutsche-beamtenversicherungen.de\/alt\/","name":"\u25b7 Deutsche BeamtenVersicherungen","description":"\u2713 Grosser Tarifvergleich alle wichtigen Beamtenversicherungen direkt online anfordern!","publisher":{"@id":"https:\/\/deutsche-beamtenversicherungen.de\/alt\/#organization"},"potentialAction":[{"@type":"SearchAction","target":{"@type":"EntryPoint","urlTemplate":"https:\/\/deutsche-beamtenversicherungen.de\/alt\/?s={search_term_string}"},"query-input":{"@type":"PropertyValueSpecification","valueRequired":true,"valueName":"search_term_string"}}],"inLanguage":"de"},{"@type":"Organization","@id":"https:\/\/deutsche-beamtenversicherungen.de\/alt\/#organization","name":"\u25b7 Deutsche BeamtenVersicherungen","url":"https:\/\/deutsche-beamtenversicherungen.de\/alt\/","logo":{"@type":"ImageObject","inLanguage":"de","@id":"https:\/\/deutsche-beamtenversicherungen.de\/alt\/#\/schema\/logo\/image\/","url":"https:\/\/deutsche-beamtenversicherungen.de\/alt\/wp-content\/uploads\/2019\/10\/deutsche-beamtenversicherungen-logo-350.jpg","contentUrl":"https:\/\/deutsche-beamtenversicherungen.de\/alt\/wp-content\/uploads\/2019\/10\/deutsche-beamtenversicherungen-logo-350.jpg","width":350,"height":41,"caption":"\u25b7 Deutsche BeamtenVersicherungen "},"image":{"@id":"https:\/\/deutsche-beamtenversicherungen.de\/alt\/#\/schema\/logo\/image\/"}}]}},"_links":{"self":[{"href":"https:\/\/deutsche-beamtenversicherungen.de\/alt\/wp-json\/wp\/v2\/pages\/12","targetHints":{"allow":["GET"]}}],"collection":[{"href":"https:\/\/deutsche-beamtenversicherungen.de\/alt\/wp-json\/wp\/v2\/pages"}],"about":[{"href":"https:\/\/deutsche-beamtenversicherungen.de\/alt\/wp-json\/wp\/v2\/types\/page"}],"author":[{"embeddable":true,"href":"https:\/\/deutsche-beamtenversicherungen.de\/alt\/wp-json\/wp\/v2\/users\/1"}],"replies":[{"embeddable":true,"href":"https:\/\/deutsche-beamtenversicherungen.de\/alt\/wp-json\/wp\/v2\/comments?post=12"}],"version-history":[{"count":16,"href":"https:\/\/deutsche-beamtenversicherungen.de\/alt\/wp-json\/wp\/v2\/pages\/12\/revisions"}],"predecessor-version":[{"id":174,"href":"https:\/\/deutsche-beamtenversicherungen.de\/alt\/wp-json\/wp\/v2\/pages\/12\/revisions\/174"}],"wp:attachment":[{"href":"https:\/\/deutsche-beamtenversicherungen.de\/alt\/wp-json\/wp\/v2\/media?parent=12"}],"curies":[{"name":"wp","href":"https:\/\/api.w.org\/{rel}","templated":true}]}}